{"id":8054,"date":"2021-05-07T15:46:59","date_gmt":"2021-05-07T15:46:59","guid":{"rendered":"https:\/\/www.berndschlothauermaler.de\/?page_id=8054"},"modified":"2021-10-25T12:41:02","modified_gmt":"2021-10-25T12:41:02","slug":"impressum-2","status":"publish","type":"page","link":"https:\/\/berndschlothauermaler.de\/?page_id=8054","title":{"rendered":"Impressum"},"content":{"rendered":"\t\t<div data-elementor-type=\"wp-page\" data-elementor-id=\"8054\" class=\"elementor elementor-8054\">\n\t\t\t\t\t\t<section class=\"elementor-section elementor-top-section elementor-element elementor-element-0ff792b elementor-section-boxed elementor-section-height-default elementor-section-height-default\" data-id=\"0ff792b\" data-element_type=\"section\" data-e-type=\"section\">\n\t\t\t\t\t\t<div class=\"elementor-container elementor-column-gap-default\">\n\t\t\t\t\t<div class=\"elementor-column elementor-col-100 elementor-top-column elementor-element elementor-element-396473d\" data-id=\"396473d\" data-element_type=\"column\" data-e-type=\"column\">\n\t\t\t<div class=\"elementor-widget-wrap elementor-element-populated\">\n\t\t\t\t\t\t<div class=\"elementor-element elementor-element-3e5fb95 elementor-widget elementor-widget-text-editor\" data-id=\"3e5fb95\" data-element_type=\"widget\" data-e-type=\"widget\" data-widget_type=\"text-editor.default\">\n\t\t\t\t\t\t\t\t\t<p>Informationspflicht laut \u00a7 5 TMG.<\/p><p>Bernd Schlothauer<\/p><p>Wollankstra\u00dfe 112a, <br \/>13187 Berlin, <br \/>Deutschland<\/p><p><strong>Tel.:<\/strong> 030\/23563766<br \/><strong>E-Mail:<\/strong> <a href=\"mailto:artistohnegrund@gmail.com\">artistohnegrund@gmail.com<\/a><\/p><p><span style=\"color: #ff0000;\">Bei E-Mail-Kontakt bitte die Datenschutzrichtlinien beachten!<\/span><\/p><p>Quelle: Erstellt mit dem <a href=\"https:\/\/www.adsimple.de\/impressum-generator\/\" target=\"_blank\" rel=\"noopener\">Impressum Generator<\/a> von AdSimple\u00a0in Kooperation mit <a href=\"https:\/\/www.warkly.de\/\" target=\"_blank\" rel=\"noopener\">warkly.de<\/a><\/p><h2 class=\"western\">EU-Streitschlichtung<\/h2><p>Gem\u00e4\u00df Verordnung \u00fcber Online-Streitbeilegung in Verbraucherangelegenheiten (ODR-Verordnung) m\u00f6chten wir Sie \u00fcber die Online-Streitbeilegungsplattform (OS-Plattform) informieren.<br \/>Verbraucher haben die M\u00f6glichkeit, Beschwerden an die Online Streitbeilegungsplattform der Europ\u00e4ischen Kommission unter <a href=\"https:\/\/ec.europa.eu\/consumers\/odr\/main\/index.cfm?event=main.home2.show&amp;lng=DE\" target=\"_blank\" rel=\"noopener\">http:\/\/ec.europa.eu\/odr?tid=321264945<\/a> zu richten. Die daf\u00fcr notwendigen Kontaktdaten finden Sie oberhalb in unserem Impressum.<\/p><p>Wir m\u00f6chten Sie jedoch darauf hinweisen, dass wir nicht bereit oder verpflichtet sind, an Streitbeilegungsverfahren vor einer Verbraucherschlichtungsstelle teilzunehmen.<\/p><h2 class=\"western\">Haftung f\u00fcr Inhalte dieser Website<\/h2><p>Wir entwickeln die Inhalte dieser Webseite st\u00e4ndig weiter und bem\u00fchen uns korrekte und aktuelle Informationen bereitzustellen. Laut Telemediengesetz <a href=\"https:\/\/www.gesetze-im-internet.de\/tmg\/__7.html?tid=321264945\" target=\"_blank\" rel=\"noopener\">(TMG) \u00a77 (1)<\/a> sind wir als Diensteanbieter f\u00fcr eigene Informationen, die wir zur Nutzung bereitstellen, nach den allgemeinen Gesetzen verantwortlich. Leider k\u00f6nnen wir keine Haftung f\u00fcr die Korrektheit aller Inhalte auf dieser Webseite \u00fcbernehmen, speziell f\u00fcr jene die seitens Dritter bereitgestellt wurden. Als Diensteanbieter im Sinne der \u00a7\u00a7 8 bis 10 sind wir nicht verpflichtet, die von ihnen \u00fcbermittelten oder gespeicherten Informationen zu \u00fcberwachen oder nach Umst\u00e4nden zu forschen, die auf eine rechtswidrige T\u00e4tigkeit hinweisen.<\/p><p>Unsere Verpflichtungen zur Entfernung von Informationen oder zur Sperrung der Nutzung von Informationen nach den allgemeinen Gesetzen aufgrund von gerichtlichen oder beh\u00f6rdlichen Anordnungen bleiben auch im Falle unserer Nichtverantwortlichkeit nach den \u00a7\u00a7 8 bis 10 unber\u00fchrt.<\/p><p>Sollten Ihnen problematische oder rechtswidrige Inhalte auffallen, bitte wir Sie uns umgehend zu kontaktieren, damit wir die rechtswidrigen Inhalte entfernen k\u00f6nnen. Sie finden die Kontaktdaten im Impressum.<\/p><h2 class=\"western\">Haftung f\u00fcr Links auf dieser Website<\/h2><p>Unsere Webseite enth\u00e4lt Links zu anderen Webseiten f\u00fcr deren Inhalt wir nicht verantwortlich sind. Haftung f\u00fcr verlinkte Websites besteht f\u00fcr uns nicht, da wir keine Kenntnis rechtswidriger T\u00e4tigkeiten hatten und haben, uns solche Rechtswidrigkeiten auch bisher nicht aufgefallen sind und wir Links sofort entfernen w\u00fcrden, wenn uns Rechtswidrigkeiten bekannt werden.<\/p><p>Wenn Ihnen rechtswidrige Links auf unserer Website auffallen, bitte wir Sie uns zu kontaktieren. Sie finden die Kontaktdaten im Impressum.<\/p><h2 class=\"western\">Urheberrechtshinweis<\/h2><p>Alle Inhalte dieser Webseite (Bilder, Fotos, Texte, Videos) unterliegen dem Urheberrecht der Bundesrepublik Deutschland. Bitte fragen Sie uns bevor Sie die Inhalte dieser Website verbreiten, vervielf\u00e4ltigen oder verwerten wie zum Beispiel auf anderen Websites erneut ver\u00f6ffentlichen. Falls notwendig, werden wir die unerlaubte Nutzung von Teilen der Inhalte unserer Seite rechtlich verfolgen.<\/p><p>Sollten Sie auf dieser Webseite Inhalte finden, die das Urheberrecht verletzen, bitten wir Sie uns zu kontaktieren.<\/p><h2 class=\"western\">Bildernachweis<\/h2><p>Die Bilder, Texte, Fotos zur Person des K\u00fcnstlers\/Arbeitsumgebung und Grafiken, sowie Zeichnungen auf dieser Webseite sind urheberrechtlich gesch\u00fctzt.(VG Bild-Kunst Bonn)<\/p><p>Bildernachweis der verwendeten Fotos: Abbildungen Aktionen der Hamburger Aktivisten: S. Weber-Sommer\/Horst Feiler (KUNST MACHT FREI-Weimar) sowie Das Bundesverm\u00f6gen, Galerie P. Lang-Leipzig) \/ Kai Zimmermann: NACHHUTKUNST Schwerin, Auslaufmodell\/Bosnienmodul,\/ Abbildungen: Komplexe Darstellung\/ Volksspeisung Osnabr\u00fcck, Anderegegenraum-Berlin, Fotos Ausstellung Galerie Demmel-Kunstprojekte, Objektfotografie Bosnienmodul Krieg\/Kunst Aachen, Aufnahmen aus Lindenau-Museum Altenburg: Th. Hagen.<\/p>\t\t\t\t\t\t\t\t<\/div>\n\t\t\t\t\t<\/div>\n\t\t<\/div>\n\t\t\t\t\t<\/div>\n\t\t<\/section>\n\t\t\t\t<\/div>\n\t\t","protected":false},"excerpt":{"rendered":"<p>Informationspflicht laut \u00a7 5 TMG. Bernd Schlothauer Wollankstra\u00dfe 112a, 13187 Berlin, Deutschland Tel.: 030\/23563766E-Mail: artistohnegrund@gmail.com Bei E-Mail-Kontakt bitte die Datenschutzrichtlinien beachten! Quelle: Erstellt mit dem Impressum Generator von AdSimple\u00a0in Kooperation mit warkly.de EU-Streitschlichtung Gem\u00e4\u00df Verordnung \u00fcber Online-Streitbeilegung in Verbraucherangelegenheiten (ODR-Verordnung) m\u00f6chten wir Sie \u00fcber die Online-Streitbeilegungsplattform (OS-Plattform) informieren.Verbraucher haben die M\u00f6glichkeit, Beschwerden an die Online [&hellip;]<\/p>\n","protected":false},"author":1,"featured_media":0,"parent":0,"menu_order":0,"comment_status":"closed","ping_status":"closed","template":"","meta":{"footnotes":""},"class_list":["post-8054","page","type-page","status-publish","hentry","entry"],"yoast_head":"<!-- This site is optimized with the Yoast SEO plugin v27.5 - https:\/\/yoast.com\/product\/yoast-seo-wordpress\/ -->\n<title>Impressum - Bernd Schlothauer - Weg und Werk<\/title>\n<meta name=\"description\" content=\"Diese Homepage bietet einen grundlegenden \u00dcberblick zu meinem k\u00fcnstlerischen Werk in einer strukturierten Form.\" \/>\n<meta name=\"robots\" content=\"noindex, nofollow\" \/>\n<meta property=\"og:locale\" content=\"de_DE\" \/>\n<meta property=\"og:type\" content=\"article\" \/>\n<meta property=\"og:title\" content=\"Impressum - Bernd Schlothauer - Weg und Werk\" \/>\n<meta property=\"og:description\" content=\"Diese Homepage bietet einen grundlegenden \u00dcberblick zu meinem k\u00fcnstlerischen Werk in einer strukturierten Form.\" \/>\n<meta property=\"og:url\" content=\"https:\/\/berndschlothauermaler.de\/?page_id=8054\" \/>\n<meta property=\"og:site_name\" content=\"Bernd Schlothauer - Weg und Werk\" \/>\n<meta property=\"article:modified_time\" content=\"2021-10-25T12:41:02+00:00\" \/>\n<meta name=\"twitter:card\" content=\"summary_large_image\" \/>\n<script type=\"application\/ld+json\" class=\"yoast-schema-graph\">{\"@context\":\"https:\\\/\\\/schema.org\",\"@graph\":[{\"@type\":\"WebPage\",\"@id\":\"https:\\\/\\\/berndschlothauermaler.de\\\/?page_id=8054\",\"url\":\"https:\\\/\\\/berndschlothauermaler.de\\\/?page_id=8054\",\"name\":\"Impressum - Bernd Schlothauer - Weg und Werk\",\"isPartOf\":{\"@id\":\"https:\\\/\\\/berndschlothauermaler.de\\\/#website\"},\"datePublished\":\"2021-05-07T15:46:59+00:00\",\"dateModified\":\"2021-10-25T12:41:02+00:00\",\"description\":\"Diese Homepage bietet einen grundlegenden \u00dcberblick zu meinem k\u00fcnstlerischen Werk in einer strukturierten Form.\",\"breadcrumb\":{\"@id\":\"https:\\\/\\\/berndschlothauermaler.de\\\/?page_id=8054#breadcrumb\"},\"inLanguage\":\"de\",\"potentialAction\":[{\"@type\":\"ReadAction\",\"target\":[\"https:\\\/\\\/berndschlothauermaler.de\\\/?page_id=8054\"]}]},{\"@type\":\"BreadcrumbList\",\"@id\":\"https:\\\/\\\/berndschlothauermaler.de\\\/?page_id=8054#breadcrumb\",\"itemListElement\":[{\"@type\":\"ListItem\",\"position\":1,\"name\":\"Homepage - Bernd Schlothauer-Weg und Werk\",\"item\":\"https:\\\/\\\/berndschlothauermaler.de\\\/\"},{\"@type\":\"ListItem\",\"position\":2,\"name\":\"Impressum\"}]},{\"@type\":\"WebSite\",\"@id\":\"https:\\\/\\\/berndschlothauermaler.de\\\/#website\",\"url\":\"https:\\\/\\\/berndschlothauermaler.de\\\/\",\"name\":\"Bernd Schlothauer - Weg und Werk\",\"description\":\"hier findest Du alles, was mir wichtig ist\",\"publisher\":{\"@id\":\"https:\\\/\\\/berndschlothauermaler.de\\\/#\\\/schema\\\/person\\\/764e41c35bf41eae7ff717a1e310da68\"},\"potentialAction\":[{\"@type\":\"SearchAction\",\"target\":{\"@type\":\"EntryPoint\",\"urlTemplate\":\"https:\\\/\\\/berndschlothauermaler.de\\\/?s={search_term_string}\"},\"query-input\":{\"@type\":\"PropertyValueSpecification\",\"valueRequired\":true,\"valueName\":\"search_term_string\"}}],\"inLanguage\":\"de\"},{\"@type\":[\"Person\",\"Organization\"],\"@id\":\"https:\\\/\\\/berndschlothauermaler.de\\\/#\\\/schema\\\/person\\\/764e41c35bf41eae7ff717a1e310da68\",\"name\":\"Schlothauer Bernd\",\"image\":{\"@type\":\"ImageObject\",\"inLanguage\":\"de\",\"@id\":\"https:\\\/\\\/www.berndschlothauermaler.de\\\/wp-content\\\/uploads\\\/2021-04-21-12.27.jpg\",\"url\":\"https:\\\/\\\/www.berndschlothauermaler.de\\\/wp-content\\\/uploads\\\/2021-04-21-12.27.jpg\",\"contentUrl\":\"https:\\\/\\\/www.berndschlothauermaler.de\\\/wp-content\\\/uploads\\\/2021-04-21-12.27.jpg\",\"width\":945,\"height\":1260,\"caption\":\"Schlothauer Bernd\"},\"logo\":{\"@id\":\"https:\\\/\\\/www.berndschlothauermaler.de\\\/wp-content\\\/uploads\\\/2021-04-21-12.27.jpg\"},\"description\":\"T\u00e4tig als Bildender K\u00fcnstler. 1952 in M\u00f6bisburg\\\/Th\u00fcringen\\\/DDR geboren. K\u00fcnstlerische Entwicklung an verschiedenen Standorten Deutschlands: Halle\\\/S. , Weimar, Hagen aTW, Leipzig, Berlin. Studium 1974-1979 an der Burg Giebichenstein in Halle\\\/S. Arbeitet seit 2016 als Maler in Berlin\",\"sameAs\":[\"https:\\\/\\\/berndschlothauermaler.de\"]}]}<\/script>\n<!-- \/ Yoast SEO plugin. -->","yoast_head_json":{"title":"Impressum - Bernd Schlothauer - Weg und Werk","description":"Diese Homepage bietet einen grundlegenden \u00dcberblick zu meinem k\u00fcnstlerischen Werk in einer strukturierten Form.","robots":{"index":"noindex","follow":"nofollow"},"og_locale":"de_DE","og_type":"article","og_title":"Impressum - Bernd Schlothauer - Weg und Werk","og_description":"Diese Homepage bietet einen grundlegenden \u00dcberblick zu meinem k\u00fcnstlerischen Werk in einer strukturierten Form.","og_url":"https:\/\/berndschlothauermaler.de\/?page_id=8054","og_site_name":"Bernd Schlothauer - Weg und Werk","article_modified_time":"2021-10-25T12:41:02+00:00","twitter_card":"summary_large_image","schema":{"@context":"https:\/\/schema.org","@graph":[{"@type":"WebPage","@id":"https:\/\/berndschlothauermaler.de\/?page_id=8054","url":"https:\/\/berndschlothauermaler.de\/?page_id=8054","name":"Impressum - Bernd Schlothauer - Weg und Werk","isPartOf":{"@id":"https:\/\/berndschlothauermaler.de\/#website"},"datePublished":"2021-05-07T15:46:59+00:00","dateModified":"2021-10-25T12:41:02+00:00","description":"Diese Homepage bietet einen grundlegenden \u00dcberblick zu meinem k\u00fcnstlerischen Werk in einer strukturierten Form.","breadcrumb":{"@id":"https:\/\/berndschlothauermaler.de\/?page_id=8054#breadcrumb"},"inLanguage":"de","potentialAction":[{"@type":"ReadAction","target":["https:\/\/berndschlothauermaler.de\/?page_id=8054"]}]},{"@type":"BreadcrumbList","@id":"https:\/\/berndschlothauermaler.de\/?page_id=8054#breadcrumb","itemListElement":[{"@type":"ListItem","position":1,"name":"Homepage - Bernd Schlothauer-Weg und Werk","item":"https:\/\/berndschlothauermaler.de\/"},{"@type":"ListItem","position":2,"name":"Impressum"}]},{"@type":"WebSite","@id":"https:\/\/berndschlothauermaler.de\/#website","url":"https:\/\/berndschlothauermaler.de\/","name":"Bernd Schlothauer - Weg und Werk","description":"hier findest Du alles, was mir wichtig ist","publisher":{"@id":"https:\/\/berndschlothauermaler.de\/#\/schema\/person\/764e41c35bf41eae7ff717a1e310da68"},"potentialAction":[{"@type":"SearchAction","target":{"@type":"EntryPoint","urlTemplate":"https:\/\/berndschlothauermaler.de\/?s={search_term_string}"},"query-input":{"@type":"PropertyValueSpecification","valueRequired":true,"valueName":"search_term_string"}}],"inLanguage":"de"},{"@type":["Person","Organization"],"@id":"https:\/\/berndschlothauermaler.de\/#\/schema\/person\/764e41c35bf41eae7ff717a1e310da68","name":"Schlothauer Bernd","image":{"@type":"ImageObject","inLanguage":"de","@id":"https:\/\/www.berndschlothauermaler.de\/wp-content\/uploads\/2021-04-21-12.27.jpg","url":"https:\/\/www.berndschlothauermaler.de\/wp-content\/uploads\/2021-04-21-12.27.jpg","contentUrl":"https:\/\/www.berndschlothauermaler.de\/wp-content\/uploads\/2021-04-21-12.27.jpg","width":945,"height":1260,"caption":"Schlothauer Bernd"},"logo":{"@id":"https:\/\/www.berndschlothauermaler.de\/wp-content\/uploads\/2021-04-21-12.27.jpg"},"description":"T\u00e4tig als Bildender K\u00fcnstler. 1952 in M\u00f6bisburg\/Th\u00fcringen\/DDR geboren. K\u00fcnstlerische Entwicklung an verschiedenen Standorten Deutschlands: Halle\/S. , Weimar, Hagen aTW, Leipzig, Berlin. Studium 1974-1979 an der Burg Giebichenstein in Halle\/S. Arbeitet seit 2016 als Maler in Berlin","sameAs":["https:\/\/berndschlothauermaler.de"]}]}},"_links":{"self":[{"href":"https:\/\/berndschlothauermaler.de\/index.php?rest_route=\/wp\/v2\/pages\/8054","targetHints":{"allow":["GET"]}}],"collection":[{"href":"https:\/\/berndschlothauermaler.de\/index.php?rest_route=\/wp\/v2\/pages"}],"about":[{"href":"https:\/\/berndschlothauermaler.de\/index.php?rest_route=\/wp\/v2\/types\/page"}],"author":[{"embeddable":true,"href":"https:\/\/berndschlothauermaler.de\/index.php?rest_route=\/wp\/v2\/users\/1"}],"replies":[{"embeddable":true,"href":"https:\/\/berndschlothauermaler.de\/index.php?rest_route=%2Fwp%2Fv2%2Fcomments&post=8054"}],"version-history":[{"count":0,"href":"https:\/\/berndschlothauermaler.de\/index.php?rest_route=\/wp\/v2\/pages\/8054\/revisions"}],"wp:attachment":[{"href":"https:\/\/berndschlothauermaler.de\/index.php?rest_route=%2Fwp%2Fv2%2Fmedia&parent=8054"}],"curies":[{"name":"wp","href":"https:\/\/api.w.org\/{rel}","templated":true}]}}