{"id":10204,"date":"2021-07-26T10:46:53","date_gmt":"2021-07-26T10:46:53","guid":{"rendered":"https:\/\/www.berndschlothauermaler.de\/?page_id=10204"},"modified":"2025-11-15T12:52:30","modified_gmt":"2025-11-15T12:52:30","slug":"meine-kurze-farbenlehre","status":"publish","type":"page","link":"https:\/\/berndschlothauermaler.de\/?page_id=10204","title":{"rendered":"Meine kurze Farbenlehre"},"content":{"rendered":"\t\t<div data-elementor-type=\"wp-page\" data-elementor-id=\"10204\" class=\"elementor elementor-10204\">\n\t\t\t\t\t\t<section class=\"elementor-section elementor-top-section elementor-element elementor-element-dd26844 elementor-section-full_width animated-slow elementor-section-height-default elementor-section-height-default elementor-invisible\" data-id=\"dd26844\" data-element_type=\"section\" data-e-type=\"section\" data-settings=\"{&quot;animation&quot;:&quot;fadeInDown&quot;}\">\n\t\t\t\t\t\t<div class=\"elementor-container elementor-column-gap-default\">\n\t\t\t\t\t<div class=\"elementor-column elementor-col-100 elementor-top-column elementor-element elementor-element-e4189b0\" data-id=\"e4189b0\" data-element_type=\"column\" data-e-type=\"column\" data-settings=\"{&quot;background_background&quot;:&quot;classic&quot;}\">\n\t\t\t<div class=\"elementor-widget-wrap elementor-element-populated\">\n\t\t\t\t\t\t<div class=\"elementor-element elementor-element-9982b2b elementor-widget elementor-widget-heading\" data-id=\"9982b2b\" data-element_type=\"widget\" data-e-type=\"widget\" data-widget_type=\"heading.default\">\n\t\t\t\t\t<h2 class=\"elementor-heading-title elementor-size-default\">Meine kurze Farbenlehre<\/h2>\t\t\t\t<\/div>\n\t\t\t\t<div class=\"elementor-element elementor-element-d2dfcae elementor-widget-divider--view-line elementor-widget elementor-widget-divider\" data-id=\"d2dfcae\" data-element_type=\"widget\" data-e-type=\"widget\" data-widget_type=\"divider.default\">\n\t\t\t\t\t\t\t<div class=\"elementor-divider\">\n\t\t\t<span class=\"elementor-divider-separator\">\n\t\t\t\t\t\t<\/span>\n\t\t<\/div>\n\t\t\t\t\t\t<\/div>\n\t\t\t\t<div class=\"elementor-element elementor-element-3d8a227 elementor-widget elementor-widget-text-editor\" data-id=\"3d8a227\" data-element_type=\"widget\" data-e-type=\"widget\" data-widget_type=\"text-editor.default\">\n\t\t\t\t\t\t\t\t\t<p>JEDE FARBE IST DIE RICHTIGE<\/p>\t\t\t\t\t\t\t\t<\/div>\n\t\t\t\t<div class=\"elementor-element elementor-element-e4b10a2 elementor-widget elementor-widget-image\" data-id=\"e4b10a2\" data-element_type=\"widget\" data-e-type=\"widget\" data-widget_type=\"image.default\">\n\t\t\t\t\t\t\t\t\t\t\t\t\t\t\t<img decoding=\"async\" src=\"https:\/\/berndschlothauermaler.de\/wp-content\/uploads\/elementor\/thumbs\/Jede-Farbe-ist-die-richtige-425x325x25-cm-2021-paq5v0bll8abu6cwcn37ayekxzaoclfmf2ioszn3i0.jpg\" title=\"Jede Farbe ist die richtige, 42,5&#215;32,5&#215;2,5 cm, 2021\" alt=\"Jede Farbe ist die richtige, 42,5x32,5x2,5 cm, 2021\" loading=\"lazy\" \/>\t\t\t\t\t\t\t\t\t\t\t\t\t\t\t<\/div>\n\t\t\t\t\t<\/div>\n\t\t<\/div>\n\t\t\t\t\t<\/div>\n\t\t<\/section>\n\t\t\t\t<section class=\"elementor-section elementor-top-section elementor-element elementor-element-e2cf70e elementor-section-boxed elementor-section-height-default elementor-section-height-default\" data-id=\"e2cf70e\" data-element_type=\"section\" data-e-type=\"section\" data-settings=\"{&quot;background_background&quot;:&quot;classic&quot;}\">\n\t\t\t\t\t\t<div class=\"elementor-container elementor-column-gap-default\">\n\t\t\t\t\t<div class=\"elementor-column elementor-col-33 elementor-top-column elementor-element elementor-element-d60d63e\" data-id=\"d60d63e\" data-element_type=\"column\" data-e-type=\"column\" data-settings=\"{&quot;background_background&quot;:&quot;classic&quot;}\">\n\t\t\t<div class=\"elementor-widget-wrap elementor-element-populated\">\n\t\t\t\t\t\t<div class=\"elementor-element elementor-element-1c76c25 elementor-widget elementor-widget-text-editor\" data-id=\"1c76c25\" data-element_type=\"widget\" data-e-type=\"widget\" data-widget_type=\"text-editor.default\">\n\t\t\t\t\t\t\t\t\t<p>Newton und Goethe haben mit ihrer Farbenlehre, jeder f\u00fcr sich, absolut recht.<\/p>\t\t\t\t\t\t\t\t<\/div>\n\t\t\t\t\t<\/div>\n\t\t<\/div>\n\t\t\t\t<div class=\"elementor-column elementor-col-33 elementor-top-column elementor-element elementor-element-65e1790\" data-id=\"65e1790\" data-element_type=\"column\" data-e-type=\"column\">\n\t\t\t<div class=\"elementor-widget-wrap elementor-element-populated\">\n\t\t\t\t\t\t<div class=\"elementor-element elementor-element-6d08439 elementor-widget elementor-widget-text-editor\" data-id=\"6d08439\" data-element_type=\"widget\" data-e-type=\"widget\" data-widget_type=\"text-editor.default\">\n\t\t\t\t\t\t\t\t\t<p>Kann man alledings mit beiden LEHREN nichts anfangen, braucht man ein eigenes System.<\/p><p>\u2022 Das war also nie eine Frage, sondern die Antwort \u2022<\/p>\t\t\t\t\t\t\t\t<\/div>\n\t\t\t\t\t<\/div>\n\t\t<\/div>\n\t\t\t\t<div class=\"elementor-column elementor-col-33 elementor-top-column elementor-element elementor-element-6311eaf\" data-id=\"6311eaf\" data-element_type=\"column\" data-e-type=\"column\" data-settings=\"{&quot;background_background&quot;:&quot;classic&quot;}\">\n\t\t\t<div class=\"elementor-widget-wrap elementor-element-populated\">\n\t\t\t\t\t\t<div class=\"elementor-element elementor-element-6bec8b8 elementor-widget elementor-widget-text-editor\" data-id=\"6bec8b8\" data-element_type=\"widget\" data-e-type=\"widget\" data-widget_type=\"text-editor.default\">\n\t\t\t\t\t\t\t\t\t<p>Die Farbreste in diesem Objekt sind im engeren Sinn keine RESTE.<\/p><p>Ich stelle sie her, oder sie fallen ab. <\/p><p>So werden sie zu Bestandteilen und <span style=\"color: #ff0000;\">Zeugen meiner Arbeitsweise<\/span>.<\/p>\t\t\t\t\t\t\t\t<\/div>\n\t\t\t\t\t<\/div>\n\t\t<\/div>\n\t\t\t\t\t<\/div>\n\t\t<\/section>\n\t\t\t\t<\/div>\n\t\t","protected":false},"excerpt":{"rendered":"<p>Meine kurze Farbenlehre JEDE FARBE IST DIE RICHTIGE Newton und Goethe haben mit ihrer Farbenlehre, jeder f\u00fcr sich, absolut recht. Kann man alledings mit beiden LEHREN nichts anfangen, braucht man ein eigenes System. \u2022 Das war also nie eine Frage, sondern die Antwort \u2022 Die Farbreste in diesem Objekt sind im engeren Sinn keine RESTE. [&hellip;]<\/p>\n","protected":false},"author":1,"featured_media":0,"parent":0,"menu_order":0,"comment_status":"closed","ping_status":"closed","template":"","meta":{"footnotes":""},"class_list":["post-10204","page","type-page","status-publish","hentry","entry"],"yoast_head":"<!-- This site is optimized with the Yoast SEO plugin v27.5 - https:\/\/yoast.com\/product\/yoast-seo-wordpress\/ -->\n<title>Meine kurze Farbenlehre - Bernd Schlothauer - Weg und Werk<\/title>\n<meta name=\"description\" content=\"Diese Homepage bietet einen grundlegenden \u00dcberblick zu meinem k\u00fcnstlerischen Werk in einer strukturierten Form.\" \/>\n<meta name=\"robots\" content=\"noindex, follow\" \/>\n<meta property=\"og:locale\" content=\"de_DE\" \/>\n<meta property=\"og:type\" content=\"article\" \/>\n<meta property=\"og:title\" content=\"Meine kurze Farbenlehre - Bernd Schlothauer - Weg und Werk\" \/>\n<meta property=\"og:description\" content=\"Diese Homepage bietet einen grundlegenden \u00dcberblick zu meinem k\u00fcnstlerischen Werk in einer strukturierten Form.\" \/>\n<meta property=\"og:url\" content=\"https:\/\/berndschlothauermaler.de\/?page_id=10204\" \/>\n<meta property=\"og:site_name\" content=\"Bernd Schlothauer - Weg und Werk\" \/>\n<meta property=\"article:modified_time\" content=\"2025-11-15T12:52:30+00:00\" \/>\n<meta property=\"og:image\" content=\"https:\/\/berndschlothauermaler.de\/wp-content\/uploads\/elementor\/thumbs\/Jede-Farbe-ist-die-richtige-425x325x25-cm-2021-paq5v0bll8abu6cwcn37ayekxzaoclfmf2ioszn3ia.jpg\" \/>\n<meta name=\"twitter:card\" content=\"summary_large_image\" \/>\n<script type=\"application\/ld+json\" class=\"yoast-schema-graph\">{\"@context\":\"https:\\\/\\\/schema.org\",\"@graph\":[{\"@type\":\"WebPage\",\"@id\":\"https:\\\/\\\/berndschlothauermaler.de\\\/?page_id=10204\",\"url\":\"https:\\\/\\\/berndschlothauermaler.de\\\/?page_id=10204\",\"name\":\"Meine kurze Farbenlehre - Bernd Schlothauer - Weg und Werk\",\"isPartOf\":{\"@id\":\"https:\\\/\\\/berndschlothauermaler.de\\\/#website\"},\"primaryImageOfPage\":{\"@id\":\"https:\\\/\\\/berndschlothauermaler.de\\\/?page_id=10204#primaryimage\"},\"image\":{\"@id\":\"https:\\\/\\\/berndschlothauermaler.de\\\/?page_id=10204#primaryimage\"},\"thumbnailUrl\":\"https:\\\/\\\/berndschlothauermaler.de\\\/wp-content\\\/uploads\\\/elementor\\\/thumbs\\\/Jede-Farbe-ist-die-richtige-425x325x25-cm-2021-paq5v0bll8abu6cwcn37ayekxzaoclfmf2ioszn3ia.jpg\",\"datePublished\":\"2021-07-26T10:46:53+00:00\",\"dateModified\":\"2025-11-15T12:52:30+00:00\",\"description\":\"Diese Homepage bietet einen grundlegenden \u00dcberblick zu meinem k\u00fcnstlerischen Werk in einer strukturierten Form.\",\"breadcrumb\":{\"@id\":\"https:\\\/\\\/berndschlothauermaler.de\\\/?page_id=10204#breadcrumb\"},\"inLanguage\":\"de\",\"potentialAction\":[{\"@type\":\"ReadAction\",\"target\":[\"https:\\\/\\\/berndschlothauermaler.de\\\/?page_id=10204\"]}]},{\"@type\":\"ImageObject\",\"inLanguage\":\"de\",\"@id\":\"https:\\\/\\\/berndschlothauermaler.de\\\/?page_id=10204#primaryimage\",\"url\":\"https:\\\/\\\/berndschlothauermaler.de\\\/wp-content\\\/uploads\\\/elementor\\\/thumbs\\\/Jede-Farbe-ist-die-richtige-425x325x25-cm-2021-paq5v0bll8abu6cwcn37ayekxzaoclfmf2ioszn3ia.jpg\",\"contentUrl\":\"https:\\\/\\\/berndschlothauermaler.de\\\/wp-content\\\/uploads\\\/elementor\\\/thumbs\\\/Jede-Farbe-ist-die-richtige-425x325x25-cm-2021-paq5v0bll8abu6cwcn37ayekxzaoclfmf2ioszn3ia.jpg\"},{\"@type\":\"BreadcrumbList\",\"@id\":\"https:\\\/\\\/berndschlothauermaler.de\\\/?page_id=10204#breadcrumb\",\"itemListElement\":[{\"@type\":\"ListItem\",\"position\":1,\"name\":\"Homepage - Bernd Schlothauer-Weg und Werk\",\"item\":\"https:\\\/\\\/berndschlothauermaler.de\\\/\"},{\"@type\":\"ListItem\",\"position\":2,\"name\":\"Meine kurze Farbenlehre\"}]},{\"@type\":\"WebSite\",\"@id\":\"https:\\\/\\\/berndschlothauermaler.de\\\/#website\",\"url\":\"https:\\\/\\\/berndschlothauermaler.de\\\/\",\"name\":\"Bernd Schlothauer - Weg und Werk\",\"description\":\"hier findest Du alles, was mir wichtig ist\",\"publisher\":{\"@id\":\"https:\\\/\\\/berndschlothauermaler.de\\\/#\\\/schema\\\/person\\\/764e41c35bf41eae7ff717a1e310da68\"},\"potentialAction\":[{\"@type\":\"SearchAction\",\"target\":{\"@type\":\"EntryPoint\",\"urlTemplate\":\"https:\\\/\\\/berndschlothauermaler.de\\\/?s={search_term_string}\"},\"query-input\":{\"@type\":\"PropertyValueSpecification\",\"valueRequired\":true,\"valueName\":\"search_term_string\"}}],\"inLanguage\":\"de\"},{\"@type\":[\"Person\",\"Organization\"],\"@id\":\"https:\\\/\\\/berndschlothauermaler.de\\\/#\\\/schema\\\/person\\\/764e41c35bf41eae7ff717a1e310da68\",\"name\":\"Schlothauer Bernd\",\"image\":{\"@type\":\"ImageObject\",\"inLanguage\":\"de\",\"@id\":\"https:\\\/\\\/www.berndschlothauermaler.de\\\/wp-content\\\/uploads\\\/2021-04-21-12.27.jpg\",\"url\":\"https:\\\/\\\/www.berndschlothauermaler.de\\\/wp-content\\\/uploads\\\/2021-04-21-12.27.jpg\",\"contentUrl\":\"https:\\\/\\\/www.berndschlothauermaler.de\\\/wp-content\\\/uploads\\\/2021-04-21-12.27.jpg\",\"width\":945,\"height\":1260,\"caption\":\"Schlothauer Bernd\"},\"logo\":{\"@id\":\"https:\\\/\\\/www.berndschlothauermaler.de\\\/wp-content\\\/uploads\\\/2021-04-21-12.27.jpg\"},\"description\":\"T\u00e4tig als Bildender K\u00fcnstler. 1952 in M\u00f6bisburg\\\/Th\u00fcringen\\\/DDR geboren. K\u00fcnstlerische Entwicklung an verschiedenen Standorten Deutschlands: Halle\\\/S. , Weimar, Hagen aTW, Leipzig, Berlin. Studium 1974-1979 an der Burg Giebichenstein in Halle\\\/S. Arbeitet seit 2016 als Maler in Berlin\",\"sameAs\":[\"https:\\\/\\\/berndschlothauermaler.de\"]}]}<\/script>\n<!-- \/ Yoast SEO plugin. -->","yoast_head_json":{"title":"Meine kurze Farbenlehre - Bernd Schlothauer - Weg und Werk","description":"Diese Homepage bietet einen grundlegenden \u00dcberblick zu meinem k\u00fcnstlerischen Werk in einer strukturierten Form.","robots":{"index":"noindex","follow":"follow"},"og_locale":"de_DE","og_type":"article","og_title":"Meine kurze Farbenlehre - Bernd Schlothauer - Weg und Werk","og_description":"Diese Homepage bietet einen grundlegenden \u00dcberblick zu meinem k\u00fcnstlerischen Werk in einer strukturierten Form.","og_url":"https:\/\/berndschlothauermaler.de\/?page_id=10204","og_site_name":"Bernd Schlothauer - Weg und Werk","article_modified_time":"2025-11-15T12:52:30+00:00","og_image":[{"url":"https:\/\/berndschlothauermaler.de\/wp-content\/uploads\/elementor\/thumbs\/Jede-Farbe-ist-die-richtige-425x325x25-cm-2021-paq5v0bll8abu6cwcn37ayekxzaoclfmf2ioszn3ia.jpg","type":"","width":"","height":""}],"twitter_card":"summary_large_image","schema":{"@context":"https:\/\/schema.org","@graph":[{"@type":"WebPage","@id":"https:\/\/berndschlothauermaler.de\/?page_id=10204","url":"https:\/\/berndschlothauermaler.de\/?page_id=10204","name":"Meine kurze Farbenlehre - Bernd Schlothauer - Weg und Werk","isPartOf":{"@id":"https:\/\/berndschlothauermaler.de\/#website"},"primaryImageOfPage":{"@id":"https:\/\/berndschlothauermaler.de\/?page_id=10204#primaryimage"},"image":{"@id":"https:\/\/berndschlothauermaler.de\/?page_id=10204#primaryimage"},"thumbnailUrl":"https:\/\/berndschlothauermaler.de\/wp-content\/uploads\/elementor\/thumbs\/Jede-Farbe-ist-die-richtige-425x325x25-cm-2021-paq5v0bll8abu6cwcn37ayekxzaoclfmf2ioszn3ia.jpg","datePublished":"2021-07-26T10:46:53+00:00","dateModified":"2025-11-15T12:52:30+00:00","description":"Diese Homepage bietet einen grundlegenden \u00dcberblick zu meinem k\u00fcnstlerischen Werk in einer strukturierten Form.","breadcrumb":{"@id":"https:\/\/berndschlothauermaler.de\/?page_id=10204#breadcrumb"},"inLanguage":"de","potentialAction":[{"@type":"ReadAction","target":["https:\/\/berndschlothauermaler.de\/?page_id=10204"]}]},{"@type":"ImageObject","inLanguage":"de","@id":"https:\/\/berndschlothauermaler.de\/?page_id=10204#primaryimage","url":"https:\/\/berndschlothauermaler.de\/wp-content\/uploads\/elementor\/thumbs\/Jede-Farbe-ist-die-richtige-425x325x25-cm-2021-paq5v0bll8abu6cwcn37ayekxzaoclfmf2ioszn3ia.jpg","contentUrl":"https:\/\/berndschlothauermaler.de\/wp-content\/uploads\/elementor\/thumbs\/Jede-Farbe-ist-die-richtige-425x325x25-cm-2021-paq5v0bll8abu6cwcn37ayekxzaoclfmf2ioszn3ia.jpg"},{"@type":"BreadcrumbList","@id":"https:\/\/berndschlothauermaler.de\/?page_id=10204#breadcrumb","itemListElement":[{"@type":"ListItem","position":1,"name":"Homepage - Bernd Schlothauer-Weg und Werk","item":"https:\/\/berndschlothauermaler.de\/"},{"@type":"ListItem","position":2,"name":"Meine kurze Farbenlehre"}]},{"@type":"WebSite","@id":"https:\/\/berndschlothauermaler.de\/#website","url":"https:\/\/berndschlothauermaler.de\/","name":"Bernd Schlothauer - Weg und Werk","description":"hier findest Du alles, was mir wichtig ist","publisher":{"@id":"https:\/\/berndschlothauermaler.de\/#\/schema\/person\/764e41c35bf41eae7ff717a1e310da68"},"potentialAction":[{"@type":"SearchAction","target":{"@type":"EntryPoint","urlTemplate":"https:\/\/berndschlothauermaler.de\/?s={search_term_string}"},"query-input":{"@type":"PropertyValueSpecification","valueRequired":true,"valueName":"search_term_string"}}],"inLanguage":"de"},{"@type":["Person","Organization"],"@id":"https:\/\/berndschlothauermaler.de\/#\/schema\/person\/764e41c35bf41eae7ff717a1e310da68","name":"Schlothauer Bernd","image":{"@type":"ImageObject","inLanguage":"de","@id":"https:\/\/www.berndschlothauermaler.de\/wp-content\/uploads\/2021-04-21-12.27.jpg","url":"https:\/\/www.berndschlothauermaler.de\/wp-content\/uploads\/2021-04-21-12.27.jpg","contentUrl":"https:\/\/www.berndschlothauermaler.de\/wp-content\/uploads\/2021-04-21-12.27.jpg","width":945,"height":1260,"caption":"Schlothauer Bernd"},"logo":{"@id":"https:\/\/www.berndschlothauermaler.de\/wp-content\/uploads\/2021-04-21-12.27.jpg"},"description":"T\u00e4tig als Bildender K\u00fcnstler. 1952 in M\u00f6bisburg\/Th\u00fcringen\/DDR geboren. K\u00fcnstlerische Entwicklung an verschiedenen Standorten Deutschlands: Halle\/S. , Weimar, Hagen aTW, Leipzig, Berlin. Studium 1974-1979 an der Burg Giebichenstein in Halle\/S. Arbeitet seit 2016 als Maler in Berlin","sameAs":["https:\/\/berndschlothauermaler.de"]}]}},"_links":{"self":[{"href":"https:\/\/berndschlothauermaler.de\/index.php?rest_route=\/wp\/v2\/pages\/10204","targetHints":{"allow":["GET"]}}],"collection":[{"href":"https:\/\/berndschlothauermaler.de\/index.php?rest_route=\/wp\/v2\/pages"}],"about":[{"href":"https:\/\/berndschlothauermaler.de\/index.php?rest_route=\/wp\/v2\/types\/page"}],"author":[{"embeddable":true,"href":"https:\/\/berndschlothauermaler.de\/index.php?rest_route=\/wp\/v2\/users\/1"}],"replies":[{"embeddable":true,"href":"https:\/\/berndschlothauermaler.de\/index.php?rest_route=%2Fwp%2Fv2%2Fcomments&post=10204"}],"version-history":[{"count":0,"href":"https:\/\/berndschlothauermaler.de\/index.php?rest_route=\/wp\/v2\/pages\/10204\/revisions"}],"wp:attachment":[{"href":"https:\/\/berndschlothauermaler.de\/index.php?rest_route=%2Fwp%2Fv2%2Fmedia&parent=10204"}],"curies":[{"name":"wp","href":"https:\/\/api.w.org\/{rel}","templated":true}]}}